{"id":224446,"date":"2024-02-07T19:32:01","date_gmt":"2024-02-07T19:32:01","guid":{"rendered":"https:\/\/www.eclipseexperience.net\/?page_id=224446"},"modified":"2026-02-20T15:16:57","modified_gmt":"2026-02-20T18:16:57","slug":"contacto","status":"publish","type":"page","link":"https:\/\/www.eclipseexperience.net\/en\/contacto\/","title":{"rendered":"Contact Us"},"content":{"rendered":"<p>[et_pb_section fb_built=&#8221;1&#8243; custom_padding_last_edited=&#8221;on|desktop&#8221; next_background_color=&#8221;#ffffff&#8221; admin_label=&#8221;Header&#8221; _builder_version=&#8221;4.27.4&#8243; background_color=&#8221;rgba(0,0,0,0.48)&#8221; use_background_color_gradient=&#8221;on&#8221; background_color_gradient_direction=&#8221;15deg&#8221; background_color_gradient_stops=&#8221;#503bba 0%|#ffa143 99%&#8221; background_image=&#8221;https:\/\/www.eclipseexperience.net\/wp-content\/uploads\/2024\/02\/Contacto-2.jpg&#8221; background_position=&#8221;top_center&#8221; background_blend=&#8221;multiply&#8221; background_enable_video_mp4=&#8221;off&#8221; custom_padding=&#8221;10vw||10vw||true|false&#8221; custom_padding_tablet=&#8221;100px||100px||true&#8221; custom_padding_phone=&#8221;||||true&#8221; bottom_divider_style=&#8221;ramp2&#8243; bottom_divider_height=&#8221;120px&#8221; bottom_divider_flip=&#8221;horizontal&#8221; bottom_divider_height_tablet=&#8221;150px&#8221; bottom_divider_height_phone=&#8221;60px&#8221; bottom_divider_height_last_edited=&#8221;on|phone&#8221; saved_tabs=&#8221;all&#8221; global_colors_info=&#8221;{}&#8221;][et_pb_row _builder_version=&#8221;4.24.0&#8243; _module_preset=&#8221;default&#8221; global_colors_info=&#8221;{}&#8221;][et_pb_column type=&#8221;4_4&#8243; _builder_version=&#8221;4.24.0&#8243; _module_preset=&#8221;default&#8221; global_colors_info=&#8221;{}&#8221;][et_pb_text _builder_version=&#8221;4.27.4&#8243; text_font=&#8221;Open Sans|300|||||||&#8221; text_text_color=&#8221;#626262&#8243; text_font_size=&#8221;16px&#8221; ul_font=&#8221;||||||||&#8221; header_font=&#8221;Montserrat||||||||&#8221; header_text_align=&#8221;center&#8221; header_text_color=&#8221;#FFFFFF&#8221; header_font_size=&#8221;49px&#8221; header_line_height=&#8221;1.2em&#8221; header_2_font=&#8221;Montserrat||||||||&#8221; header_2_text_align=&#8221;center&#8221; header_2_text_color=&#8221;#000000&#8243; header_2_font_size=&#8221;42px&#8221; header_2_line_height=&#8221;1.2em&#8221; header_3_font=&#8221;||||||||&#8221; header_4_font=&#8221;Montserrat|300|||||||&#8221; header_4_text_align=&#8221;center&#8221; header_4_text_color=&#8221;#FFFFFF&#8221; header_4_line_height=&#8221;1.6em&#8221; module_alignment=&#8221;center&#8221; custom_margin=&#8221;|||&#8221; custom_padding=&#8221;|||&#8221; header_font_size_tablet=&#8221;40px&#8221; header_font_size_phone=&#8221;30px&#8221; header_font_size_last_edited=&#8221;on|phone&#8221; header_2_font_size_tablet=&#8221;35px&#8221; header_2_font_size_phone=&#8221;28px&#8221; header_2_font_size_last_edited=&#8221;on|desktop&#8221; header_4_font_size_tablet=&#8221;22px&#8221; header_4_font_size_phone=&#8221;16px&#8221; header_4_font_size_last_edited=&#8221;on|phone&#8221; global_colors_info=&#8221;{}&#8221; header_4_line_height__hover_enabled=&#8221;on|desktop&#8221; header_4_line_height__hover=&#8221;1.4em&#8221;]<\/p>\n<h1>Contacto<\/h1>\n<p>[\/et_pb_text][\/et_pb_column][\/et_pb_row][\/et_pb_section][et_pb_section fb_built=&#8221;1&#8243; custom_padding_last_edited=&#8221;off|desktop&#8221; admin_label=&#8221;Get Started&#8221; _builder_version=&#8221;4.24.0&#8243; background_size=&#8221;initial&#8221; custom_margin=&#8221;50px||50px||false|false&#8221; custom_margin_tablet=&#8221;50px||50px||false|false&#8221; custom_margin_phone=&#8221;||0px||false|false&#8221; custom_margin_last_edited=&#8221;on|phone&#8221; custom_padding=&#8221;|||&#8221; custom_padding_tablet=&#8221;0px||0px|0px&#8221; custom_padding_phone=&#8221;|||&#8221; bottom_divider_color=&#8221;#ffffff&#8221; bottom_divider_height=&#8221;160px&#8221; bottom_divider_flip=&#8221;horizontal&#8221; bottom_divider_height_tablet=&#8221;150px&#8221; bottom_divider_height_phone=&#8221;110px&#8221; bottom_divider_height_last_edited=&#8221;on|phone&#8221; module_alignment_tablet=&#8221;&#8221; module_alignment_phone=&#8221;&#8221; module_alignment_last_edited=&#8221;on|phone&#8221; locked=&#8221;off&#8221; global_colors_info=&#8221;{}&#8221;][et_pb_row use_custom_gutter=&#8221;on&#8221; gutter_width=&#8221;4&#8243; _builder_version=&#8221;4.24.0&#8243; horizontal_offset=&#8221;-40px&#8221; horizontal_offset_tablet=&#8221;-40px&#8221; horizontal_offset_phone=&#8221;0px&#8221; horizontal_offset_last_edited=&#8221;on|phone&#8221; width_tablet=&#8221;&#8221; width_phone=&#8221;&#8221; width_last_edited=&#8221;on|phone&#8221; custom_margin=&#8221;|||&#8221; custom_padding=&#8221;0px|||&#8221; module_alignment_tablet=&#8221;&#8221; module_alignment_phone=&#8221;center&#8221; module_alignment_last_edited=&#8221;on|phone&#8221; use_custom_width=&#8221;on&#8221; custom_width_px=&#8221;1700px&#8221; global_colors_info=&#8221;{}&#8221;][et_pb_column type=&#8221;4_4&#8243; _builder_version=&#8221;4.16&#8243; custom_padding=&#8221;|||&#8221; global_colors_info=&#8221;{}&#8221; custom_padding__hover=&#8221;|||&#8221;][et_pb_text _builder_version=&#8221;4.27.4&#8243; text_font=&#8221;&#8211;et_global_heading_font|300|||||||&#8221; text_text_color=&#8221;#000000&#8243; text_font_size=&#8221;16px&#8221; ul_font=&#8221;||||||||&#8221; header_font=&#8221;Montserrat|500|||||||&#8221; header_text_align=&#8221;center&#8221; header_text_color=&#8221;#000000&#8243; header_font_size=&#8221;48px&#8221; header_letter_spacing=&#8221;-1px&#8221; header_2_font=&#8221;Montserrat|||on|||||&#8221; header_2_text_align=&#8221;center&#8221; header_2_text_color=&#8221;#000000&#8243; header_2_font_size=&#8221;42px&#8221; header_2_line_height=&#8221;1.2em&#8221; header_3_font=&#8221;|||on|||||&#8221; header_3_text_color=&#8221;#000000&#8243; header_4_font=&#8221;Montserrat|300|||||||&#8221; header_4_text_align=&#8221;center&#8221; header_4_text_color=&#8221;#626262&#8243; header_4_font_size=&#8221;22px&#8221; header_4_line_height=&#8221;1.4em&#8221; max_width=&#8221;95%&#8221; module_alignment=&#8221;center&#8221; custom_margin=&#8221;|||&#8221; custom_padding=&#8221;|||&#8221; header_font_size_tablet=&#8221;40px&#8221; header_font_size_phone=&#8221;30px&#8221; header_font_size_last_edited=&#8221;on|phone&#8221; header_2_font_size_tablet=&#8221;35px&#8221; header_2_font_size_phone=&#8221;28px&#8221; header_2_font_size_last_edited=&#8221;on|desktop&#8221; header_4_font_size_tablet=&#8221;22px&#8221; header_4_font_size_phone=&#8221;20px&#8221; header_4_font_size_last_edited=&#8221;on|phone&#8221; locked=&#8221;off&#8221; global_colors_info=&#8221;{}&#8221; header_4_line_height__hover=&#8221;1.4em&#8221; header_4_line_height__hover_enabled=&#8221;on|desktop&#8221;]<\/p>\n<h1 style=\"text-align: center;\">Viv\u00ed la <span style=\"color: #ffa143;\"><strong>Experiencia Eclipse<\/strong><\/span><\/h1>\n<h3 style=\"text-align: center;\">queremos formar parte de tu proyecto<\/h3>\n<p style=\"text-align: center;\"><span style=\"color: #ffffff;\">.<\/span><br \/>El equipo de ECLIPSE est\u00e1 altamente capacitado para proporcionar un servicio de excelencia, ofreciendo una amplia gama de posibilidades en branding, dise\u00f1o web, y marketing, tanto tradicional como digital, adapt\u00e1ndonos a las necesidades espec\u00edficas de su negocio.<\/p>\n<p style=\"text-align: center;\"><strong>Queremos acompa\u00f1arte en tu crecimiento.<br \/>Estamos preparados para hacerlo, dando lo mejor de nosotros mismos.<\/strong><\/p>\n<p>[\/et_pb_text][et_pb_button button_text=&#8221;Contactanos&#8221; _builder_version=&#8221;4.27.5&#8243; _module_preset=&#8221;default&#8221; button_url=&#8221;#escribinos&#8221; sticky_enabled=&#8221;0&#8243; url_new_window=&#8221;on&#8221; button_alignment=&#8221;center&#8221; custom_button=&#8221;on&#8221; button_text_size=&#8221;16px&#8221; button_text_size_tablet=&#8221;16px&#8221; button_text_size_phone=&#8221;15px&#8221; button_text_size_last_edited=&#8221;on|phone&#8221; button_text_color=&#8221;#FFFFFF&#8221; button_text_color__hover=&#8221;#FFFFFF&#8221; button_text_color__hover_enabled=&#8221;on|hover&#8221; button_bg_use_color_gradient=&#8221;on&#8221; button_bg_color_gradient_direction=&#8221;38deg&#8221; button_bg_color_gradient_stops=&#8221;#503bba 1%|#ffa143 92%&#8221; button_border_width=&#8221;0px&#8221; button_border_color=&#8221;RGBA(255,255,255,0)&#8221; button_border_color__hover=&#8221;#EF824C&#8221; button_border_color__hover_enabled=&#8221;on|hover&#8221; button_border_radius=&#8221;50px&#8221; button_font=&#8221;|700||on|||||&#8221; custom_margin=&#8221;30px||50px||false|false&#8221; custom_padding=&#8221;13px|35px|13px|35px|true|true&#8221; hover_enabled=&#8221;0&#8243;][\/et_pb_button][\/et_pb_column][\/et_pb_row][\/et_pb_section]<\/p>\n","protected":false},"excerpt":{"rendered":"<p>ContactoViv\u00ed la Experiencia Eclipse queremos formar parte de tu proyecto .El equipo de ECLIPSE est\u00e1 altamente capacitado para proporcionar un servicio de excelencia, ofreciendo una amplia gama de posibilidades en branding, dise\u00f1o web, y marketing, tanto tradicional como digital, adapt\u00e1ndonos a las necesidades espec\u00edficas de su negocio. Queremos acompa\u00f1arte en tu crecimiento.Estamos preparados para hacerlo, [&hellip;]<\/p>\n","protected":false},"author":2,"featured_media":0,"parent":0,"menu_order":0,"comment_status":"closed","ping_status":"closed","template":"","meta":{"_et_pb_use_builder":"on","_et_pb_old_content":"","_et_gb_content_width":"","_joinchat":[],"footnotes":""},"class_list":["post-224446","page","type-page","status-publish","hentry"],"yoast_head":"<!-- This site is optimized with the Yoast SEO plugin v27.3 - https:\/\/yoast.com\/product\/yoast-seo-wordpress\/ -->\n<title>Contacto - Eclipse Experience<\/title>\n<meta name=\"description\" content=\"Impulsa tu negocio con Eclipse Experience, expertos en innovaci\u00f3n y transformaci\u00f3n digital. Estrategias personalizadas para crecer con \u00e9xito.\" \/>\n<meta name=\"robots\" content=\"index, follow, max-snippet:-1, max-image-preview:large, max-video-preview:-1\" \/>\n<link rel=\"canonical\" href=\"https:\/\/www.eclipseexperience.net\/en\/contacto\/\" \/>\n<meta property=\"og:locale\" content=\"en_US\" \/>\n<meta property=\"og:type\" content=\"article\" \/>\n<meta property=\"og:title\" content=\"Contacto - Eclipse Experience\" \/>\n<meta property=\"og:description\" content=\"Impulsa tu negocio con Eclipse Experience, expertos en innovaci\u00f3n y transformaci\u00f3n digital. Estrategias personalizadas para crecer con \u00e9xito.\" \/>\n<meta property=\"og:url\" content=\"https:\/\/www.eclipseexperience.net\/en\/contacto\/\" \/>\n<meta property=\"og:site_name\" content=\"Eclipse Experience - Marketing &amp; Customer Experience\" \/>\n<meta property=\"article:publisher\" content=\"https:\/\/www.facebook.com\/eclipsemarketingcx\/\" \/>\n<meta property=\"article:modified_time\" content=\"2026-02-20T18:16:57+00:00\" \/>\n<meta property=\"og:image\" content=\"https:\/\/www.eclipseexperience.net\/wp-content\/uploads\/2023\/12\/Logo-eclipse-experience.png\" \/>\n\t<meta property=\"og:image:width\" content=\"1200\" \/>\n\t<meta property=\"og:image:height\" content=\"675\" \/>\n\t<meta property=\"og:image:type\" content=\"image\/png\" \/>\n<meta name=\"twitter:card\" content=\"summary_large_image\" \/>\n<meta name=\"twitter:label1\" content=\"Est. reading time\" \/>\n\t<meta name=\"twitter:data1\" content=\"1 minute\" \/>\n<script type=\"application\/ld+json\" class=\"yoast-schema-graph\">{\"@context\":\"https:\\\/\\\/schema.org\",\"@graph\":[{\"@type\":\"WebPage\",\"@id\":\"https:\\\/\\\/www.eclipseexperience.net\\\/contacto\\\/\",\"url\":\"https:\\\/\\\/www.eclipseexperience.net\\\/contacto\\\/\",\"name\":\"Contacto - Eclipse Experience\",\"isPartOf\":{\"@id\":\"https:\\\/\\\/www.eclipseexperience.net\\\/#website\"},\"datePublished\":\"2024-02-07T19:32:01+00:00\",\"dateModified\":\"2026-02-20T18:16:57+00:00\",\"description\":\"Impulsa tu negocio con Eclipse Experience, expertos en innovaci\u00f3n y transformaci\u00f3n digital. Estrategias personalizadas para crecer con \u00e9xito.\",\"breadcrumb\":{\"@id\":\"https:\\\/\\\/www.eclipseexperience.net\\\/contacto\\\/#breadcrumb\"},\"inLanguage\":\"en-US\",\"potentialAction\":[{\"@type\":\"ReadAction\",\"target\":[\"https:\\\/\\\/www.eclipseexperience.net\\\/contacto\\\/\"]}]},{\"@type\":\"BreadcrumbList\",\"@id\":\"https:\\\/\\\/www.eclipseexperience.net\\\/contacto\\\/#breadcrumb\",\"itemListElement\":[{\"@type\":\"ListItem\",\"position\":1,\"name\":\"Portada\",\"item\":\"https:\\\/\\\/www.eclipseexperience.net\\\/\"},{\"@type\":\"ListItem\",\"position\":2,\"name\":\"Contacto\"}]},{\"@type\":\"WebSite\",\"@id\":\"https:\\\/\\\/www.eclipseexperience.net\\\/#website\",\"url\":\"https:\\\/\\\/www.eclipseexperience.net\\\/\",\"name\":\"Eclipse Experience\",\"description\":\"Eclipse Experience\",\"publisher\":{\"@id\":\"https:\\\/\\\/www.eclipseexperience.net\\\/#organization\"},\"alternateName\":\"Eclipse Experience\",\"potentialAction\":[{\"@type\":\"SearchAction\",\"target\":{\"@type\":\"EntryPoint\",\"urlTemplate\":\"https:\\\/\\\/www.eclipseexperience.net\\\/?s={search_term_string}\"},\"query-input\":{\"@type\":\"PropertyValueSpecification\",\"valueRequired\":true,\"valueName\":\"search_term_string\"}}],\"inLanguage\":\"en-US\"},{\"@type\":\"Organization\",\"@id\":\"https:\\\/\\\/www.eclipseexperience.net\\\/#organization\",\"name\":\"Eclipse Experience - Marketing & AI\",\"url\":\"https:\\\/\\\/www.eclipseexperience.net\\\/\",\"logo\":{\"@type\":\"ImageObject\",\"inLanguage\":\"en-US\",\"@id\":\"https:\\\/\\\/www.eclipseexperience.net\\\/#\\\/schema\\\/logo\\\/image\\\/\",\"url\":\"https:\\\/\\\/www.eclipseexperience.net\\\/wp-content\\\/uploads\\\/2023\\\/10\\\/cropped-apple-touch-icon-114x114-1.png\",\"contentUrl\":\"https:\\\/\\\/www.eclipseexperience.net\\\/wp-content\\\/uploads\\\/2023\\\/10\\\/cropped-apple-touch-icon-114x114-1.png\",\"width\":512,\"height\":512,\"caption\":\"Eclipse Experience - Marketing & AI\"},\"image\":{\"@id\":\"https:\\\/\\\/www.eclipseexperience.net\\\/#\\\/schema\\\/logo\\\/image\\\/\"},\"sameAs\":[\"https:\\\/\\\/www.facebook.com\\\/eclipsemarketingcx\\\/\",\"https:\\\/\\\/www.instagram.com\\\/eclipseexperience\\\/\",\"https:\\\/\\\/www.linkedin.com\\\/company\\\/eclipseexperience-us\\\/\",\"https:\\\/\\\/www.youtube.com\\\/@EclipseExperience\"]}]}<\/script>\n<!-- \/ Yoast SEO plugin. -->","yoast_head_json":{"title":"Contacto - Eclipse Experience","description":"Impulsa tu negocio con Eclipse Experience, expertos en innovaci\u00f3n y transformaci\u00f3n digital. Estrategias personalizadas para crecer con \u00e9xito.","robots":{"index":"index","follow":"follow","max-snippet":"max-snippet:-1","max-image-preview":"max-image-preview:large","max-video-preview":"max-video-preview:-1"},"canonical":"https:\/\/www.eclipseexperience.net\/en\/contacto\/","og_locale":"en_US","og_type":"article","og_title":"Contacto - Eclipse Experience","og_description":"Impulsa tu negocio con Eclipse Experience, expertos en innovaci\u00f3n y transformaci\u00f3n digital. Estrategias personalizadas para crecer con \u00e9xito.","og_url":"https:\/\/www.eclipseexperience.net\/en\/contacto\/","og_site_name":"Eclipse Experience - Marketing &amp; Customer Experience","article_publisher":"https:\/\/www.facebook.com\/eclipsemarketingcx\/","article_modified_time":"2026-02-20T18:16:57+00:00","og_image":[{"width":1200,"height":675,"url":"https:\/\/www.eclipseexperience.net\/wp-content\/uploads\/2023\/12\/Logo-eclipse-experience.png","type":"image\/png"}],"twitter_card":"summary_large_image","twitter_misc":{"Est. reading time":"1 minute"},"schema":{"@context":"https:\/\/schema.org","@graph":[{"@type":"WebPage","@id":"https:\/\/www.eclipseexperience.net\/contacto\/","url":"https:\/\/www.eclipseexperience.net\/contacto\/","name":"Contacto - Eclipse Experience","isPartOf":{"@id":"https:\/\/www.eclipseexperience.net\/#website"},"datePublished":"2024-02-07T19:32:01+00:00","dateModified":"2026-02-20T18:16:57+00:00","description":"Impulsa tu negocio con Eclipse Experience, expertos en innovaci\u00f3n y transformaci\u00f3n digital. Estrategias personalizadas para crecer con \u00e9xito.","breadcrumb":{"@id":"https:\/\/www.eclipseexperience.net\/contacto\/#breadcrumb"},"inLanguage":"en-US","potentialAction":[{"@type":"ReadAction","target":["https:\/\/www.eclipseexperience.net\/contacto\/"]}]},{"@type":"BreadcrumbList","@id":"https:\/\/www.eclipseexperience.net\/contacto\/#breadcrumb","itemListElement":[{"@type":"ListItem","position":1,"name":"Portada","item":"https:\/\/www.eclipseexperience.net\/"},{"@type":"ListItem","position":2,"name":"Contacto"}]},{"@type":"WebSite","@id":"https:\/\/www.eclipseexperience.net\/#website","url":"https:\/\/www.eclipseexperience.net\/","name":"Eclipse Experience","description":"Eclipse Experience","publisher":{"@id":"https:\/\/www.eclipseexperience.net\/#organization"},"alternateName":"Eclipse Experience","potentialAction":[{"@type":"SearchAction","target":{"@type":"EntryPoint","urlTemplate":"https:\/\/www.eclipseexperience.net\/?s={search_term_string}"},"query-input":{"@type":"PropertyValueSpecification","valueRequired":true,"valueName":"search_term_string"}}],"inLanguage":"en-US"},{"@type":"Organization","@id":"https:\/\/www.eclipseexperience.net\/#organization","name":"Eclipse Experience - Marketing & AI","url":"https:\/\/www.eclipseexperience.net\/","logo":{"@type":"ImageObject","inLanguage":"en-US","@id":"https:\/\/www.eclipseexperience.net\/#\/schema\/logo\/image\/","url":"https:\/\/www.eclipseexperience.net\/wp-content\/uploads\/2023\/10\/cropped-apple-touch-icon-114x114-1.png","contentUrl":"https:\/\/www.eclipseexperience.net\/wp-content\/uploads\/2023\/10\/cropped-apple-touch-icon-114x114-1.png","width":512,"height":512,"caption":"Eclipse Experience - Marketing & AI"},"image":{"@id":"https:\/\/www.eclipseexperience.net\/#\/schema\/logo\/image\/"},"sameAs":["https:\/\/www.facebook.com\/eclipsemarketingcx\/","https:\/\/www.instagram.com\/eclipseexperience\/","https:\/\/www.linkedin.com\/company\/eclipseexperience-us\/","https:\/\/www.youtube.com\/@EclipseExperience"]}]}},"_links":{"self":[{"href":"https:\/\/www.eclipseexperience.net\/en\/wp-json\/wp\/v2\/pages\/224446","targetHints":{"allow":["GET"]}}],"collection":[{"href":"https:\/\/www.eclipseexperience.net\/en\/wp-json\/wp\/v2\/pages"}],"about":[{"href":"https:\/\/www.eclipseexperience.net\/en\/wp-json\/wp\/v2\/types\/page"}],"author":[{"embeddable":true,"href":"https:\/\/www.eclipseexperience.net\/en\/wp-json\/wp\/v2\/users\/2"}],"replies":[{"embeddable":true,"href":"https:\/\/www.eclipseexperience.net\/en\/wp-json\/wp\/v2\/comments?post=224446"}],"version-history":[{"count":15,"href":"https:\/\/www.eclipseexperience.net\/en\/wp-json\/wp\/v2\/pages\/224446\/revisions"}],"predecessor-version":[{"id":226847,"href":"https:\/\/www.eclipseexperience.net\/en\/wp-json\/wp\/v2\/pages\/224446\/revisions\/226847"}],"wp:attachment":[{"href":"https:\/\/www.eclipseexperience.net\/en\/wp-json\/wp\/v2\/media?parent=224446"}],"curies":[{"name":"wp","href":"https:\/\/api.w.org\/{rel}","templated":true}]}}